{"id":4843,"date":"2026-02-21T06:00:01","date_gmt":"2026-02-21T06:00:01","guid":{"rendered":"https:\/\/erg-insaat.com.tr\/ongoing-projects\/"},"modified":"2026-02-27T08:24:10","modified_gmt":"2026-02-27T08:24:10","slug":"ongoing-projects","status":"publish","type":"page","link":"https:\/\/erg-insaat.com.tr\/en\/ongoing-projects\/","title":{"rendered":"Ongoing Projects"},"content":{"rendered":"\t\t<div data-elementor-type=\"wp-page\" data-elementor-id=\"4843\" class=\"elementor elementor-4843 elementor-3342\" data-elementor-post-type=\"page\">\n\t\t\t\t\t\t<section class=\"elementor-section elementor-top-section elementor-element elementor-element-33f58fde elementor-section-height-min-height elementor-section-stretched elementor-section-boxed elementor-section-height-default elementor-section-items-middle\" data-id=\"33f58fde\" data-element_type=\"section\" data-e-type=\"section\" id=\"link\" data-settings=\"{&quot;stretch_section&quot;:&quot;section-stretched&quot;,&quot;background_background&quot;:&quot;classic&quot;}\">\n\t\t\t\t\t\t\t<div class=\"elementor-background-overlay\"><\/div>\n\t\t\t\t\t\t\t<div class=\"elementor-container elementor-column-gap-default\">\n\t\t\t\t\t<div class=\"elementor-column elementor-col-100 elementor-top-column elementor-element elementor-element-786552a7\" data-id=\"786552a7\" data-element_type=\"column\" data-e-type=\"column\">\n\t\t\t<div class=\"elementor-widget-wrap elementor-element-populated\">\n\t\t\t\t\t\t<div class=\"elementor-element elementor-element-1e73da9d elementor-widget elementor-widget-heading\" data-id=\"1e73da9d\" data-element_type=\"widget\" data-e-type=\"widget\" data-widget_type=\"heading.default\">\n\t\t\t\t<div class=\"elementor-widget-container\">\n\t\t\t\t\t<p class=\"elementor-heading-title elementor-size-default\">Ongoing Projects<\/p>\t\t\t\t<\/div>\n\t\t\t\t<\/div>\n\t\t\t\t\t<\/div>\n\t\t<\/div>\n\t\t\t\t\t<\/div>\n\t\t<\/section>\n\t\t\t\t<section class=\"elementor-section elementor-top-section elementor-element elementor-element-735a25c2 elementor-section-stretched elementor-section-boxed elementor-section-height-default elementor-section-height-default\" data-id=\"735a25c2\" data-element_type=\"section\" data-e-type=\"section\" data-settings=\"{&quot;stretch_section&quot;:&quot;section-stretched&quot;,&quot;background_background&quot;:&quot;classic&quot;}\">\n\t\t\t\t\t\t<div class=\"elementor-container elementor-column-gap-default\">\n\t\t\t\t\t<div class=\"elementor-column elementor-col-50 elementor-top-column elementor-element elementor-element-202aeb8\" data-id=\"202aeb8\" data-element_type=\"column\" data-e-type=\"column\">\n\t\t\t<div class=\"elementor-widget-wrap elementor-element-populated\">\n\t\t\t\t\t\t<div class=\"elementor-element elementor-element-9f2903f elementor-widget elementor-widget-heading\" data-id=\"9f2903f\" data-element_type=\"widget\" data-e-type=\"widget\" data-widget_type=\"heading.default\">\n\t\t\t\t<div class=\"elementor-widget-container\">\n\t\t\t\t\t<p class=\"elementor-heading-title elementor-size-default\">Ankara Izmir<span style=\"color: #006D99\"> <\/span><br><span style=\"color: #006D99\">High Speed Train<\/span> <br>Project<\/p>\t\t\t\t<\/div>\n\t\t\t\t<\/div>\n\t\t\t\t\t<\/div>\n\t\t<\/div>\n\t\t\t\t<div class=\"elementor-column elementor-col-50 elementor-top-column elementor-element elementor-element-07ce056\" data-id=\"07ce056\" data-element_type=\"column\" data-e-type=\"column\">\n\t\t\t<div class=\"elementor-widget-wrap elementor-element-populated\">\n\t\t\t\t\t\t<div class=\"elementor-element elementor-element-2fb3300 elementor-widget elementor-widget-heading\" data-id=\"2fb3300\" data-element_type=\"widget\" data-e-type=\"widget\" data-widget_type=\"heading.default\">\n\t\t\t\t<div class=\"elementor-widget-container\">\n\t\t\t\t\t<p class=\"elementor-heading-title elementor-size-default\">The high-speed railway line, which is being constructed with a length of 508 km and a speed of 250 km\/h, is planned to include over 1,000 tunnels, viaducts, bridges, overpasses, underpasses, and culverts.<\/p>\t\t\t\t<\/div>\n\t\t\t\t<\/div>\n\t\t\t\t<div class=\"elementor-element elementor-element-ca3c2dc elementor-widget elementor-widget-image\" data-id=\"ca3c2dc\" data-element_type=\"widget\" data-e-type=\"widget\" data-widget_type=\"image.default\">\n\t\t\t\t<div class=\"elementor-widget-container\">\n\t\t\t\t\t\t\t\t\t\t\t\t\t\t\t<img fetchpriority=\"high\" decoding=\"async\" width=\"1024\" height=\"559\" src=\"https:\/\/erg-insaat.com.tr\/wp-content\/uploads\/tr-harita-aniyht_V2-1024x559.png\" class=\"attachment-large size-large wp-image-4295\" alt=\"\" srcset=\"https:\/\/erg-insaat.com.tr\/wp-content\/uploads\/tr-harita-aniyht_V2-1024x559.png 1024w, https:\/\/erg-insaat.com.tr\/wp-content\/uploads\/tr-harita-aniyht_V2-300x164.png 300w, https:\/\/erg-insaat.com.tr\/wp-content\/uploads\/tr-harita-aniyht_V2-768x419.png 768w, https:\/\/erg-insaat.com.tr\/wp-content\/uploads\/tr-harita-aniyht_V2.png 1100w\" sizes=\"(max-width: 1024px) 100vw, 1024px\" \/>\t\t\t\t\t\t\t\t\t\t\t\t\t\t\t<\/div>\n\t\t\t\t<\/div>\n\t\t\t\t\t<\/div>\n\t\t<\/div>\n\t\t\t\t\t<\/div>\n\t\t<\/section>\n\t\t\t\t<section class=\"elementor-section elementor-top-section elementor-element elementor-element-115cf95 elementor-section-boxed elementor-section-height-default elementor-section-height-default\" data-id=\"115cf95\" data-element_type=\"section\" data-e-type=\"section\">\n\t\t\t\t\t\t<div class=\"elementor-container elementor-column-gap-default\">\n\t\t\t\t\t<div class=\"elementor-column elementor-col-100 elementor-top-column elementor-element elementor-element-8809ef1\" data-id=\"8809ef1\" data-element_type=\"column\" data-e-type=\"column\">\n\t\t\t<div class=\"elementor-widget-wrap elementor-element-populated\">\n\t\t\t\t\t\t<div class=\"elementor-element elementor-element-7a01703 elementor-widget elementor-widget-image-gallery\" data-id=\"7a01703\" data-element_type=\"widget\" data-e-type=\"widget\" data-widget_type=\"image-gallery.default\">\n\t\t\t\t<div class=\"elementor-widget-container\">\n\t\t\t\t\t\t\t<div class=\"elementor-image-gallery\">\n\t\t\t<div id='gallery-1' class='gallery galleryid-4843 gallery-columns-3 gallery-size-large'><figure class='gallery-item'>\n\t\t\t<div class='gallery-icon landscape'>\n\t\t\t\t<img decoding=\"async\" width=\"800\" height=\"800\" src=\"https:\/\/erg-insaat.com.tr\/wp-content\/uploads\/galeri2.jpg\" class=\"attachment-large size-large\" alt=\"\" srcset=\"https:\/\/erg-insaat.com.tr\/wp-content\/uploads\/galeri2.jpg 800w, https:\/\/erg-insaat.com.tr\/wp-content\/uploads\/galeri2-300x300.jpg 300w, https:\/\/erg-insaat.com.tr\/wp-content\/uploads\/galeri2-150x150.jpg 150w, https:\/\/erg-insaat.com.tr\/wp-content\/uploads\/galeri2-768x768.jpg 768w\" sizes=\"(max-width: 800px) 100vw, 800px\" \/>\n\t\t\t<\/div><\/figure><figure class='gallery-item'>\n\t\t\t<div class='gallery-icon landscape'>\n\t\t\t\t<img decoding=\"async\" width=\"800\" height=\"800\" src=\"https:\/\/erg-insaat.com.tr\/wp-content\/uploads\/galeri3.jpg\" class=\"attachment-large size-large\" alt=\"\" srcset=\"https:\/\/erg-insaat.com.tr\/wp-content\/uploads\/galeri3.jpg 800w, https:\/\/erg-insaat.com.tr\/wp-content\/uploads\/galeri3-300x300.jpg 300w, https:\/\/erg-insaat.com.tr\/wp-content\/uploads\/galeri3-150x150.jpg 150w, https:\/\/erg-insaat.com.tr\/wp-content\/uploads\/galeri3-768x768.jpg 768w\" sizes=\"(max-width: 800px) 100vw, 800px\" \/>\n\t\t\t<\/div><\/figure><figure class='gallery-item'>\n\t\t\t<div class='gallery-icon landscape'>\n\t\t\t\t<img loading=\"lazy\" decoding=\"async\" width=\"800\" height=\"800\" src=\"https:\/\/erg-insaat.com.tr\/wp-content\/uploads\/galeri4.jpg\" class=\"attachment-large size-large\" alt=\"\" srcset=\"https:\/\/erg-insaat.com.tr\/wp-content\/uploads\/galeri4.jpg 800w, https:\/\/erg-insaat.com.tr\/wp-content\/uploads\/galeri4-300x300.jpg 300w, https:\/\/erg-insaat.com.tr\/wp-content\/uploads\/galeri4-150x150.jpg 150w, https:\/\/erg-insaat.com.tr\/wp-content\/uploads\/galeri4-768x768.jpg 768w\" sizes=\"(max-width: 800px) 100vw, 800px\" \/>\n\t\t\t<\/div><\/figure>\n\t\t<\/div>\n\t\t<\/div>\n\t\t\t\t\t\t<\/div>\n\t\t\t\t<\/div>\n\t\t\t\t\t<\/div>\n\t\t<\/div>\n\t\t\t\t\t<\/div>\n\t\t<\/section>\n\t\t\t\t<section class=\"elementor-section elementor-top-section elementor-element elementor-element-e4ee74e elementor-section-boxed elementor-section-height-default elementor-section-height-default\" data-id=\"e4ee74e\" data-element_type=\"section\" data-e-type=\"section\">\n\t\t\t\t\t\t<div class=\"elementor-container elementor-column-gap-default\">\n\t\t\t\t\t<div class=\"elementor-column elementor-col-100 elementor-top-column elementor-element elementor-element-99a8c20\" data-id=\"99a8c20\" data-element_type=\"column\" data-e-type=\"column\">\n\t\t\t<div class=\"elementor-widget-wrap elementor-element-populated\">\n\t\t\t\t\t\t<div class=\"elementor-element elementor-element-66ef78a elementor-widget elementor-widget-htmega-blockquote-addons\" data-id=\"66ef78a\" data-element_type=\"widget\" data-e-type=\"widget\" data-widget_type=\"htmega-blockquote-addons.default\">\n\t\t\t\t<div class=\"elementor-widget-container\">\n\t\t\t\t\t            <div class=\"htmega-blockquote htmega-blockquote-position-righttop htmega-citeseparator-position-before\">\n                <blockquote>\n                    <div class=\"blockquote_content\"><p>The Ankara-Izmir High-Speed Train Line Project (A\u0130YHT) is a major project under the General Directorate of Infrastructure Investments of the Ministry of Transportation and Infrastructure of the Republic of Turkey, connecting Ankara, the capital of Turkey, to Izmir, the third largest city in Turkey in terms of population density. The main line of the high-speed train route, which is 503.3 kilometers long, passes through the provincial borders of Ankara, Eski\u015fehir, Afyonkarahisar, K\u00fctahya, U\u015fak, Manisa, and \u0130zmir. Upon completion of the project, stations and stops will also be located in Emirda\u011f, Afyonkarahisar, U\u015fak, Salihli, Turgutlu, and Manisa.<\/p><\/div><span class=\"blockquote_icon\"><i class=\"fas fa-train\"><\/i><\/span>                <\/blockquote>\n           <\/div>\n\n        \t\t\t\t<\/div>\n\t\t\t\t<\/div>\n\t\t\t\t\t<\/div>\n\t\t<\/div>\n\t\t\t\t\t<\/div>\n\t\t<\/section>\n\t\t\t\t<section class=\"elementor-section elementor-top-section elementor-element elementor-element-d896060 elementor-section-full_width elementor-section-height-default elementor-section-height-default\" data-id=\"d896060\" data-element_type=\"section\" data-e-type=\"section\">\n\t\t\t\t\t\t<div class=\"elementor-container elementor-column-gap-default\">\n\t\t\t\t\t<div class=\"elementor-column elementor-col-100 elementor-top-column elementor-element elementor-element-588d20c\" data-id=\"588d20c\" data-element_type=\"column\" data-e-type=\"column\">\n\t\t\t<div class=\"elementor-widget-wrap elementor-element-populated\">\n\t\t\t\t\t\t<section class=\"elementor-section elementor-inner-section elementor-element elementor-element-4f12cd9 elementor-section-full_width elementor-section-height-default elementor-section-height-default\" data-id=\"4f12cd9\" data-element_type=\"section\" data-e-type=\"section\">\n\t\t\t\t\t\t<div class=\"elementor-container elementor-column-gap-default\">\n\t\t\t\t\t<div class=\"elementor-column elementor-col-33 elementor-inner-column elementor-element elementor-element-49f14cb\" data-id=\"49f14cb\" data-element_type=\"column\" data-e-type=\"column\">\n\t\t\t<div class=\"elementor-widget-wrap elementor-element-populated\">\n\t\t\t\t\t\t<div class=\"elementor-element elementor-element-7ccb3af elementor-widget elementor-widget-counter\" data-id=\"7ccb3af\" data-element_type=\"widget\" data-e-type=\"widget\" data-widget_type=\"counter.default\">\n\t\t\t\t<div class=\"elementor-widget-container\">\n\t\t\t\t\t\t\t<div class=\"elementor-counter\">\n\t\t\t<div class=\"elementor-counter-title\">Length<\/div>\t\t\t<div class=\"elementor-counter-number-wrapper\">\n\t\t\t\t<span class=\"elementor-counter-number-prefix\"><\/span>\n\t\t\t\t<span class=\"elementor-counter-number\" data-duration=\"2000\" data-to-value=\"508\" data-from-value=\"0\" data-delimiter=\",\">0<\/span>\n\t\t\t\t<span class=\"elementor-counter-number-suffix\"><span style=\"font-size:30px\">km<\/span><\/span>\n\t\t\t<\/div>\n\t\t<\/div>\n\t\t\t\t\t\t<\/div>\n\t\t\t\t<\/div>\n\t\t\t\t\t<\/div>\n\t\t<\/div>\n\t\t\t\t<div class=\"elementor-column elementor-col-33 elementor-inner-column elementor-element elementor-element-ed442bb\" data-id=\"ed442bb\" data-element_type=\"column\" data-e-type=\"column\">\n\t\t\t<div class=\"elementor-widget-wrap elementor-element-populated\">\n\t\t\t\t\t\t<div class=\"elementor-element elementor-element-1b068d1 elementor-widget elementor-widget-counter\" data-id=\"1b068d1\" data-element_type=\"widget\" data-e-type=\"widget\" data-widget_type=\"counter.default\">\n\t\t\t\t<div class=\"elementor-widget-container\">\n\t\t\t\t\t\t\t<div class=\"elementor-counter\">\n\t\t\t<div class=\"elementor-counter-title\">art structures<\/div>\t\t\t<div class=\"elementor-counter-number-wrapper\">\n\t\t\t\t<span class=\"elementor-counter-number-prefix\"><\/span>\n\t\t\t\t<span class=\"elementor-counter-number\" data-duration=\"2000\" data-to-value=\"1000\" data-from-value=\"0\" data-delimiter=\",\">0<\/span>\n\t\t\t\t<span class=\"elementor-counter-number-suffix\"><span style=\"font-size:30px\">+<\/span><\/span>\n\t\t\t<\/div>\n\t\t<\/div>\n\t\t\t\t\t\t<\/div>\n\t\t\t\t<\/div>\n\t\t\t\t\t<\/div>\n\t\t<\/div>\n\t\t\t\t<div class=\"elementor-column elementor-col-33 elementor-inner-column elementor-element elementor-element-45a0bf6\" data-id=\"45a0bf6\" data-element_type=\"column\" data-e-type=\"column\">\n\t\t\t<div class=\"elementor-widget-wrap elementor-element-populated\">\n\t\t\t\t\t\t<div class=\"elementor-element elementor-element-02da70b elementor-widget elementor-widget-counter\" data-id=\"02da70b\" data-element_type=\"widget\" data-e-type=\"widget\" data-widget_type=\"counter.default\">\n\t\t\t\t<div class=\"elementor-widget-container\">\n\t\t\t\t\t\t\t<div class=\"elementor-counter\">\n\t\t\t<div class=\"elementor-counter-title\">station and station<\/div>\t\t\t<div class=\"elementor-counter-number-wrapper\">\n\t\t\t\t<span class=\"elementor-counter-number-prefix\"><\/span>\n\t\t\t\t<span class=\"elementor-counter-number\" data-duration=\"2000\" data-to-value=\"6\" data-from-value=\"0\" data-delimiter=\",\">0<\/span>\n\t\t\t\t<span class=\"elementor-counter-number-suffix\"><span style=\"font-size:30px\">quantity<\/span><\/span>\n\t\t\t<\/div>\n\t\t<\/div>\n\t\t\t\t\t\t<\/div>\n\t\t\t\t<\/div>\n\t\t\t\t\t<\/div>\n\t\t<\/div>\n\t\t\t\t\t<\/div>\n\t\t<\/section>\n\t\t\t\t\t<\/div>\n\t\t<\/div>\n\t\t\t\t\t<\/div>\n\t\t<\/section>\n\t\t\t\t<\/div>\n\t\t","protected":false},"excerpt":{"rendered":"<p>Ongoing Projects Ankara Izmir High Speed Train Project The high-speed railway line, which is being constructed with a length of 508 km and a speed of 250 km\/h, is planned to include over 1,000 tunnels, viaducts, bridges, overpasses, underpasses, and culverts. The Ankara-Izmir High-Speed Train Line Project (A\u0130YHT) is a major project under the General [&hellip;]<\/p>\n","protected":false},"author":1,"featured_media":0,"parent":0,"menu_order":0,"comment_status":"closed","ping_status":"closed","template":"page-hero-only.php","meta":{"footnotes":""},"class_list":["post-4843","page","type-page","status-publish","hentry"],"_links":{"self":[{"href":"https:\/\/erg-insaat.com.tr\/en\/wp-json\/wp\/v2\/pages\/4843","targetHints":{"allow":["GET"]}}],"collection":[{"href":"https:\/\/erg-insaat.com.tr\/en\/wp-json\/wp\/v2\/pages"}],"about":[{"href":"https:\/\/erg-insaat.com.tr\/en\/wp-json\/wp\/v2\/types\/page"}],"author":[{"embeddable":true,"href":"https:\/\/erg-insaat.com.tr\/en\/wp-json\/wp\/v2\/users\/1"}],"replies":[{"embeddable":true,"href":"https:\/\/erg-insaat.com.tr\/en\/wp-json\/wp\/v2\/comments?post=4843"}],"version-history":[{"count":7,"href":"https:\/\/erg-insaat.com.tr\/en\/wp-json\/wp\/v2\/pages\/4843\/revisions"}],"predecessor-version":[{"id":4952,"href":"https:\/\/erg-insaat.com.tr\/en\/wp-json\/wp\/v2\/pages\/4843\/revisions\/4952"}],"wp:attachment":[{"href":"https:\/\/erg-insaat.com.tr\/en\/wp-json\/wp\/v2\/media?parent=4843"}],"curies":[{"name":"wp","href":"https:\/\/api.w.org\/{rel}","templated":true}]}}