{"id":4853,"date":"2026-02-21T06:21:25","date_gmt":"2026-02-21T06:21:25","guid":{"rendered":"https:\/\/erg-insaat.com.tr\/protection-of-personal-data\/"},"modified":"2026-02-21T06:21:28","modified_gmt":"2026-02-21T06:21:28","slug":"protection-of-personal-data","status":"publish","type":"page","link":"https:\/\/erg-insaat.com.tr\/en\/protection-of-personal-data\/","title":{"rendered":"Protection of Personal Data"},"content":{"rendered":"\t\t<div data-elementor-type=\"wp-page\" data-elementor-id=\"4853\" class=\"elementor elementor-4853 elementor-3589\" data-elementor-post-type=\"page\">\n\t\t\t\t\t\t<section class=\"elementor-section elementor-top-section elementor-element elementor-element-61350426 elementor-section-height-min-height about elementor-section-stretched elementor-section-boxed elementor-section-height-default elementor-section-items-middle\" data-id=\"61350426\" data-element_type=\"section\" data-e-type=\"section\" data-settings=\"{&quot;background_background&quot;:&quot;classic&quot;,&quot;stretch_section&quot;:&quot;section-stretched&quot;}\">\n\t\t\t\t\t\t\t<div class=\"elementor-background-overlay\"><\/div>\n\t\t\t\t\t\t\t<div class=\"elementor-container elementor-column-gap-default\">\n\t\t\t\t\t<div class=\"elementor-column elementor-col-100 elementor-top-column elementor-element elementor-element-5cb7b73f\" data-id=\"5cb7b73f\" data-element_type=\"column\" data-e-type=\"column\">\n\t\t\t<div class=\"elementor-widget-wrap elementor-element-populated\">\n\t\t\t\t\t\t<div class=\"elementor-element elementor-element-22d1e879 elementor-widget__width-initial elementor-widget-mobile__width-auto elementor-absolute elementor-widget elementor-widget-heading\" data-id=\"22d1e879\" data-element_type=\"widget\" data-e-type=\"widget\" data-settings=\"{&quot;_position&quot;:&quot;absolute&quot;}\" data-widget_type=\"heading.default\">\n\t\t\t\t<div class=\"elementor-widget-container\">\n\t\t\t\t\t<h2 class=\"elementor-heading-title elementor-size-default\">Protection of Personal Data<\/h2>\t\t\t\t<\/div>\n\t\t\t\t<\/div>\n\t\t\t\t\t<\/div>\n\t\t<\/div>\n\t\t\t\t\t<\/div>\n\t\t<\/section>\n\t\t\t\t<section class=\"elementor-section elementor-top-section elementor-element elementor-element-5a0c0c8 elementor-section-boxed elementor-section-height-default elementor-section-height-default\" data-id=\"5a0c0c8\" data-element_type=\"section\" data-e-type=\"section\">\n\t\t\t\t\t\t<div class=\"elementor-container elementor-column-gap-default\">\n\t\t\t\t\t<div class=\"elementor-column elementor-col-100 elementor-top-column elementor-element elementor-element-eae949d\" data-id=\"eae949d\" data-element_type=\"column\" data-e-type=\"column\">\n\t\t\t<div class=\"elementor-widget-wrap elementor-element-populated\">\n\t\t\t\t\t\t<div class=\"elementor-element elementor-element-4088b5e elementor-widget elementor-widget-spacer\" data-id=\"4088b5e\" data-element_type=\"widget\" data-e-type=\"widget\" data-widget_type=\"spacer.default\">\n\t\t\t\t<div class=\"elementor-widget-container\">\n\t\t\t\t\t\t\t<div class=\"elementor-spacer\">\n\t\t\t<div class=\"elementor-spacer-inner\"><\/div>\n\t\t<\/div>\n\t\t\t\t\t\t<\/div>\n\t\t\t\t<\/div>\n\t\t\t\t\t<\/div>\n\t\t<\/div>\n\t\t\t\t\t<\/div>\n\t\t<\/section>\n\t\t\t\t<section class=\"elementor-section elementor-top-section elementor-element elementor-element-53a48218 elementor-section-boxed elementor-section-height-default elementor-section-height-default\" data-id=\"53a48218\" data-element_type=\"section\" data-e-type=\"section\">\n\t\t\t\t\t\t<div class=\"elementor-container elementor-column-gap-default\">\n\t\t\t\t\t<div class=\"elementor-column elementor-col-100 elementor-top-column elementor-element elementor-element-1b314aec\" data-id=\"1b314aec\" data-element_type=\"column\" data-e-type=\"column\">\n\t\t\t<div class=\"elementor-widget-wrap elementor-element-populated\">\n\t\t\t\t\t\t<div class=\"elementor-element elementor-element-a07dc8e elementor-widget elementor-widget-heading\" data-id=\"a07dc8e\" data-element_type=\"widget\" data-e-type=\"widget\" data-widget_type=\"heading.default\">\n\t\t\t\t<div class=\"elementor-widget-container\">\n\t\t\t\t\t<h2 class=\"elementor-heading-title elementor-size-default\">Personal Data Processing Information Notice<\/h2>\t\t\t\t<\/div>\n\t\t\t\t<\/div>\n\t\t\t\t\t<\/div>\n\t\t<\/div>\n\t\t\t\t\t<\/div>\n\t\t<\/section>\n\t\t\t\t<section class=\"elementor-section elementor-top-section elementor-element elementor-element-6b27f38 elementor-section-boxed elementor-section-height-default elementor-section-height-default\" data-id=\"6b27f38\" data-element_type=\"section\" data-e-type=\"section\">\n\t\t\t\t\t\t<div class=\"elementor-container elementor-column-gap-default\">\n\t\t\t\t\t<div class=\"elementor-column elementor-col-100 elementor-top-column elementor-element elementor-element-59ec7bf\" data-id=\"59ec7bf\" data-element_type=\"column\" data-e-type=\"column\">\n\t\t\t<div class=\"elementor-widget-wrap elementor-element-populated\">\n\t\t\t\t\t\t<div class=\"elementor-element elementor-element-8a8db97 elementor-widget elementor-widget-text-editor\" data-id=\"8a8db97\" data-element_type=\"widget\" data-e-type=\"widget\" data-widget_type=\"text-editor.default\">\n\t\t\t\t<div class=\"elementor-widget-container\">\n\t\t\t\t\t\t\t\t\t<p>ERG Group Companies (\u201cCompany\u201d\/\u201cCompanies\u201d) take the utmost care regarding the security of your personal data. With this awareness, all personal data processed by us as the Data Controller is processed and protected in accordance with the KVKK. With this sense of responsibility, in order to inform you about your rights, this disclosure text has been prepared in accordance with Article 10 of the Personal Data Protection Law No. 6698 (KVKK) and the Communiqu\u00e9 on the Procedures and Principles to be Followed in Fulfilling the Information Obligation, ERG Construction Trade and Industry Joint Stock Company has prepared this information text in its capacity as the Data Controller.<\/p>\t\t\t\t\t\t\t\t<\/div>\n\t\t\t\t<\/div>\n\t\t\t\t\t<\/div>\n\t\t<\/div>\n\t\t\t\t\t<\/div>\n\t\t<\/section>\n\t\t\t\t<section class=\"elementor-section elementor-top-section elementor-element elementor-element-1588989d elementor-section-boxed elementor-section-height-default elementor-section-height-default\" data-id=\"1588989d\" data-element_type=\"section\" data-e-type=\"section\">\n\t\t\t\t\t\t<div class=\"elementor-container elementor-column-gap-default\">\n\t\t\t\t\t<div class=\"elementor-column elementor-col-100 elementor-top-column elementor-element elementor-element-5989752d\" data-id=\"5989752d\" data-element_type=\"column\" data-e-type=\"column\">\n\t\t\t<div class=\"elementor-widget-wrap elementor-element-populated\">\n\t\t\t\t\t\t<div class=\"elementor-element elementor-element-77f91383 elementor-widget elementor-widget-heading\" data-id=\"77f91383\" data-element_type=\"widget\" data-e-type=\"widget\" data-widget_type=\"heading.default\">\n\t\t\t\t<div class=\"elementor-widget-container\">\n\t\t\t\t\t<h2 class=\"elementor-heading-title elementor-size-default\">Purposes of Processing Personal Data<\/h2>\t\t\t\t<\/div>\n\t\t\t\t<\/div>\n\t\t\t\t\t<\/div>\n\t\t<\/div>\n\t\t\t\t\t<\/div>\n\t\t<\/section>\n\t\t\t\t<section class=\"elementor-section elementor-top-section elementor-element elementor-element-84b37a2 elementor-section-boxed elementor-section-height-default elementor-section-height-default\" data-id=\"84b37a2\" data-element_type=\"section\" data-e-type=\"section\">\n\t\t\t\t\t\t<div class=\"elementor-container elementor-column-gap-default\">\n\t\t\t\t\t<div class=\"elementor-column elementor-col-100 elementor-top-column elementor-element elementor-element-f4ca0df\" data-id=\"f4ca0df\" data-element_type=\"column\" data-e-type=\"column\">\n\t\t\t<div class=\"elementor-widget-wrap elementor-element-populated\">\n\t\t\t\t\t\t<div class=\"elementor-element elementor-element-3f63f89 elementor-widget elementor-widget-text-editor\" data-id=\"3f63f89\" data-element_type=\"widget\" data-e-type=\"widget\" data-widget_type=\"text-editor.default\">\n\t\t\t\t<div class=\"elementor-widget-container\">\n\t\t\t\t\t\t\t\t\t<p>Your personal data will be processed in accordance with the fundamental principles set forth by the KVKK and the KVKK&#8217;s 5. and Personal data will be processed for the purposes listed below, within the scope of the personal data processing conditions and purposes specified in Article 6;<\/p><p>\u2022 ERG \u0130n\u015faat\u2019\u0131n y\u00fcr\u00fctt\u00fc\u011f\u00fc projeler kapsam\u0131ndaki faaliyetlerin s\u00f6zle\u015fmelere, mevzuata ve \u015firket politikalar\u0131na uygun olarak yerine getirilmesi<br>\u2022 \u0130nsan kaynaklar\u0131 politikalar\u0131 ve s\u00fcre\u00e7lerinin planlanmas\u0131 ve icras\u0131,<br>\u2022 ERG \u0130n\u015faat ile i\u015f ili\u015fkisi i\u00e7erisinde olunan ger\u00e7ek ki\u015filerin ticari ve hukuki g\u00fcvenli\u011finin sa\u011flanmas\u0131, hukuk i\u015flemlerinin takibi<br>\u2022 Mal \/ Hizmet Sat\u0131n Al\u0131m S\u00fcre\u00e7lerinin Y\u00fcr\u00fct\u00fclmesi<br>\u2022 S\u00f6zle\u015fme S\u00fcre\u00e7lerinin Y\u00fcr\u00fct\u00fclmesi<br>\u2022 Yetkili Ki\u015fi, Kurum ve Kurulu\u015flara Bilgi Verilmesi<br>\u2022 M\u00fc\u015fteri \u0130li\u015fkileri Y\u00f6netimi S\u00fcre\u00e7lerinin Y\u00fcr\u00fct\u00fclmesi<br>\u2022 Talep ve \u015fikayetlerin de\u011ferlendirilmesi ve takibi,<br>\u2022 Fiziksel mek\u00e2n g\u00fcvenli\u011finin sa\u011flanmas\u0131,<br>\u2022 Bilgi g\u00fcvenli\u011fi faaliyetlerinin s\u00fcrd\u00fcr\u00fclmesi ve 5651 say\u0131l\u0131 kanun gereklerinin yerine getirilmesi,<br>\u2022 Web sitemiz arac\u0131l\u0131\u011f\u0131 ile duyuru ve bilgi payla\u015f\u0131m\u0131n\u0131n sa\u011flanmas\u0131,<\/p>\t\t\t\t\t\t\t\t<\/div>\n\t\t\t\t<\/div>\n\t\t\t\t\t<\/div>\n\t\t<\/div>\n\t\t\t\t\t<\/div>\n\t\t<\/section>\n\t\t\t\t<section class=\"elementor-section elementor-top-section elementor-element elementor-element-764edc5e elementor-section-boxed elementor-section-height-default elementor-section-height-default\" data-id=\"764edc5e\" data-element_type=\"section\" data-e-type=\"section\">\n\t\t\t\t\t\t<div class=\"elementor-container elementor-column-gap-default\">\n\t\t\t\t\t<div class=\"elementor-column elementor-col-100 elementor-top-column elementor-element elementor-element-1e496c97\" data-id=\"1e496c97\" data-element_type=\"column\" data-e-type=\"column\">\n\t\t\t<div class=\"elementor-widget-wrap elementor-element-populated\">\n\t\t\t\t\t\t<div class=\"elementor-element elementor-element-760ea531 elementor-widget elementor-widget-heading\" data-id=\"760ea531\" data-element_type=\"widget\" data-e-type=\"widget\" data-widget_type=\"heading.default\">\n\t\t\t\t<div class=\"elementor-widget-container\">\n\t\t\t\t\t<h2 class=\"elementor-heading-title elementor-size-default\">To Whom and for What Purposes Your Personal Data May Be Transferred Your Personal Data;<\/h2>\t\t\t\t<\/div>\n\t\t\t\t<\/div>\n\t\t\t\t\t<\/div>\n\t\t<\/div>\n\t\t\t\t\t<\/div>\n\t\t<\/section>\n\t\t\t\t<section class=\"elementor-section elementor-top-section elementor-element elementor-element-aadd01b elementor-section-boxed elementor-section-height-default elementor-section-height-default\" data-id=\"aadd01b\" data-element_type=\"section\" data-e-type=\"section\">\n\t\t\t\t\t\t<div class=\"elementor-container elementor-column-gap-default\">\n\t\t\t\t\t<div class=\"elementor-column elementor-col-100 elementor-top-column elementor-element elementor-element-a2909da\" data-id=\"a2909da\" data-element_type=\"column\" data-e-type=\"column\">\n\t\t\t<div class=\"elementor-widget-wrap elementor-element-populated\">\n\t\t\t\t\t\t<div class=\"elementor-element elementor-element-00fd101 elementor-widget elementor-widget-text-editor\" data-id=\"00fd101\" data-element_type=\"widget\" data-e-type=\"widget\" data-widget_type=\"text-editor.default\">\n\t\t\t\t<div class=\"elementor-widget-container\">\n\t\t\t\t\t\t\t\t\t<p>In order to fulfill our company&#8217;s legal obligations, to meet the requirements arising from legislation, to the relevant institutions or organizations,<br>To the employer, through reporting activities established in accordance with the requirements of the contract signed with the employer,<br>For the purpose of determining strategy, implementing human resources, financial, and administrative policies, and fulfilling company objectives within the scope of our commercial activities; ERG Group Companies, ERG Construction managers, company officials, shareholders, employees, business partners, persons or third parties from whom services are obtained, consultants, auditors, private law or public legal entities, individuals, SGK, ministries, judicial authorities, and other authorities authorized by law and requesting information sharing, within the country or abroad, in accordance with the KVKK. 8. and It may be transferred within the framework of the personal data processing conditions and purposes specified in Article 9.<\/p>\t\t\t\t\t\t\t\t<\/div>\n\t\t\t\t<\/div>\n\t\t\t\t\t<\/div>\n\t\t<\/div>\n\t\t\t\t\t<\/div>\n\t\t<\/section>\n\t\t\t\t<section class=\"elementor-section elementor-top-section elementor-element elementor-element-72449f1e elementor-section-boxed elementor-section-height-default elementor-section-height-default\" data-id=\"72449f1e\" data-element_type=\"section\" data-e-type=\"section\">\n\t\t\t\t\t\t<div class=\"elementor-container elementor-column-gap-default\">\n\t\t\t\t\t<div class=\"elementor-column elementor-col-100 elementor-top-column elementor-element elementor-element-37cd47d\" data-id=\"37cd47d\" data-element_type=\"column\" data-e-type=\"column\">\n\t\t\t<div class=\"elementor-widget-wrap elementor-element-populated\">\n\t\t\t\t\t\t<div class=\"elementor-element elementor-element-13922fe0 elementor-widget elementor-widget-heading\" data-id=\"13922fe0\" data-element_type=\"widget\" data-e-type=\"widget\" data-widget_type=\"heading.default\">\n\t\t\t\t<div class=\"elementor-widget-container\">\n\t\t\t\t\t<h2 class=\"elementor-heading-title elementor-size-default\">Method and Legal Basis for Collecting Personal Data Your personal data;<\/h2>\t\t\t\t<\/div>\n\t\t\t\t<\/div>\n\t\t\t\t\t<\/div>\n\t\t<\/div>\n\t\t\t\t\t<\/div>\n\t\t<\/section>\n\t\t\t\t<section class=\"elementor-section elementor-top-section elementor-element elementor-element-70ae5615 elementor-section-boxed elementor-section-height-default elementor-section-height-default\" data-id=\"70ae5615\" data-element_type=\"section\" data-e-type=\"section\">\n\t\t\t\t\t\t<div class=\"elementor-container elementor-column-gap-default\">\n\t\t\t\t\t<div class=\"elementor-column elementor-col-100 elementor-top-column elementor-element elementor-element-2c605fc2\" data-id=\"2c605fc2\" data-element_type=\"column\" data-e-type=\"column\">\n\t\t\t<div class=\"elementor-widget-wrap elementor-element-populated\">\n\t\t\t\t\t\t<div class=\"elementor-element elementor-element-4b00b88b elementor-widget elementor-widget-wp-widget-text\" data-id=\"4b00b88b\" data-element_type=\"widget\" data-e-type=\"widget\" data-widget_type=\"wp-widget-text.default\">\n\t\t\t\t<div class=\"elementor-widget-container\">\n\t\t\t\t\t\t\t\t<div class=\"textwidget\"><\/div>\n\t\t\t\t\t\t<\/div>\n\t\t\t\t<\/div>\n\t\t\t\t\t<\/div>\n\t\t<\/div>\n\t\t\t\t\t<\/div>\n\t\t<\/section>\n\t\t\t\t<section class=\"elementor-section elementor-top-section elementor-element elementor-element-ef18950 elementor-section-boxed elementor-section-height-default elementor-section-height-default\" data-id=\"ef18950\" data-element_type=\"section\" data-e-type=\"section\">\n\t\t\t\t\t\t<div class=\"elementor-container elementor-column-gap-default\">\n\t\t\t\t\t<div class=\"elementor-column elementor-col-100 elementor-top-column elementor-element elementor-element-f0bbab7\" data-id=\"f0bbab7\" data-element_type=\"column\" data-e-type=\"column\">\n\t\t\t<div class=\"elementor-widget-wrap elementor-element-populated\">\n\t\t\t\t\t\t<div class=\"elementor-element elementor-element-06a6983 elementor-widget elementor-widget-text-editor\" data-id=\"06a6983\" data-element_type=\"widget\" data-e-type=\"widget\" data-widget_type=\"text-editor.default\">\n\t\t\t\t<div class=\"elementor-widget-container\">\n\t\t\t\t\t\t\t\t\t<p>\u2022 Through all forms, including the Job Application Form and Complaint\/Suggestion Form, which you fill out electronically on our website,<br>\u2022 Any information and documents you provide to the Data Controller in person, by hand, via the website, email, courier, reference, or similar methods,<br>\u2022 Through reporting activities established in accordance with the requirements of the contract signed with the employer,<br>\u2022 Activities carried out in accordance with contracts signed with subcontractors\/subcontractors,<br>\u2022 Through visitor logs, security cameras located at security points, telephone, email, fax, corporate correspondence, and reporting activities,<br>&#8211; Through legal documents and notifications sent to us in order to fulfill our legal obligations,<br>&#8211; Through the commercial processes carried out in order for the Data Controller to continue its commercial activity,<br>&#8211; During the execution, maintenance, development and supervision of our activities in accordance with the relevant legislation,<br>&#8211; Through promotion and similar processes for our activities,<br>&#8211; During planning, statistics, conducting satisfaction surveys, ensuring security, emails, social media posts and interviews with prospective employees,<br>&#8211; By sending the written or electronic CV\/application form via e-mail, courier or similar methods,<br>&#8211; The maintenance of the legal and commercial security of persons, determination and implementation of financial\/financial, administrative affairs and business strategies, as well as the implementation of the Law 5. and 6. are collected under the conditions set out in Articles 6.<\/p><p>Your personal data collected for these methods and purposes are processed in order to carry out our commercial activities, to fulfill our legal obligations, to establish or execute a contract, to ensure our legitimate interests, to carry out human resources, finance \/ accounting, information security policies, to ensure physical security and supervision, to comply with national and international legislation, to comply with information transfer and reporting obligations requested by public institutions or other institutions.<\/p><p><b>Rights of the Personal Data Owner<\/b> As a personal data owner, as per Article 11 of Law No. 6698. You may exercise your rights set out in the article below. Your rights in this context:<br>&#8211; Learn whether personal data is being processed,<br>&#8211; Request information if personal data has been processed,<br>&#8211; To learn the purpose of processing personal data and whether they are used for their intended purpose,<br>&#8211; To know the third parties to whom personal data are transferred domestically or abroad,<br>&#8211; To request correction of personal data in case of incomplete or incorrect processing and to request notification of the transaction made within this scope to third parties to whom personal data is transferred,<br>&#8211; Although it has been processed in accordance with the provisions of Law No. 6698 and other relevant laws, to request the deletion or destruction of personal data in the event that the reasons requiring its processing disappear and to request notification of the transaction made within this scope to third parties to whom personal data is transferred,<br>&#8211; To object to the emergence of a result to the detriment of the person himself\/herself by analyzing the processed data exclusively through automated systems,<br>&#8211; In case of damage due to unlawful processing of personal data, to demand compensation for the damage.<\/p>\t\t\t\t\t\t\t\t<\/div>\n\t\t\t\t<\/div>\n\t\t\t\t\t<\/div>\n\t\t<\/div>\n\t\t\t\t\t<\/div>\n\t\t<\/section>\n\t\t\t\t<section class=\"elementor-section elementor-top-section elementor-element elementor-element-38f9c47 elementor-section-boxed elementor-section-height-default elementor-section-height-default\" data-id=\"38f9c47\" data-element_type=\"section\" data-e-type=\"section\">\n\t\t\t\t\t\t<div class=\"elementor-container elementor-column-gap-default\">\n\t\t\t\t\t<div class=\"elementor-column elementor-col-100 elementor-top-column elementor-element elementor-element-8c10287\" data-id=\"8c10287\" data-element_type=\"column\" data-e-type=\"column\">\n\t\t\t<div class=\"elementor-widget-wrap elementor-element-populated\">\n\t\t\t\t\t\t<div class=\"elementor-element elementor-element-dba73e3 elementor-widget elementor-widget-heading\" data-id=\"dba73e3\" data-element_type=\"widget\" data-e-type=\"widget\" data-widget_type=\"heading.default\">\n\t\t\t\t<div class=\"elementor-widget-container\">\n\t\t\t\t\t<h2 class=\"elementor-heading-title elementor-size-default\">Application Method Regarding the Abovementioned Rights of the Personal Data Owner<\/h2>\t\t\t\t<\/div>\n\t\t\t\t<\/div>\n\t\t\t\t\t<\/div>\n\t\t<\/div>\n\t\t\t\t\t<\/div>\n\t\t<\/section>\n\t\t\t\t<section class=\"elementor-section elementor-top-section elementor-element elementor-element-0daec4d elementor-section-boxed elementor-section-height-default elementor-section-height-default\" data-id=\"0daec4d\" data-element_type=\"section\" data-e-type=\"section\">\n\t\t\t\t\t\t<div class=\"elementor-container elementor-column-gap-default\">\n\t\t\t\t\t<div class=\"elementor-column elementor-col-100 elementor-top-column elementor-element elementor-element-46ce350\" data-id=\"46ce350\" data-element_type=\"column\" data-e-type=\"column\">\n\t\t\t<div class=\"elementor-widget-wrap elementor-element-populated\">\n\t\t\t\t\t\t<div class=\"elementor-element elementor-element-a0fcc6f elementor-widget elementor-widget-text-editor\" data-id=\"a0fcc6f\" data-element_type=\"widget\" data-e-type=\"widget\" data-widget_type=\"text-editor.default\">\n\t\t\t\t<div class=\"elementor-widget-container\">\n\t\t\t\t\t\t\t\t\t<p>You can submit your request regarding your rights mentioned above in writing to the address of the Data Controller &#8220;Gaziosmanpa\u015fa Mah. 79\/1 Sk. No: 6 M G\u00f6lba\u015f\u0131 \/ Ankara&#8221; address of the Data Controller in writing or electronically kvkk@erginsaat.com.tr in writing and signed by filling out the Data Subject Application Form available at &#8220;www.erg-insaat.com.tr&#8221;.<br>The Data Controller reserves the right to verify your identity before responding to your request. The Data Controller will finalize your request as soon as possible and within thirty days at the latest, depending on its nature. In this respect, the accuracy of the information you share with the Data Controller is necessary for you to exercise your rights and the responsibility arising from the provision of incorrect information will not belong to the Data Controller. However, if the transaction requires an additional cost, we are entitled to charge you the fee in the tariff determined by the Board.<\/p>\t\t\t\t\t\t\t\t<\/div>\n\t\t\t\t<\/div>\n\t\t\t\t\t<\/div>\n\t\t<\/div>\n\t\t\t\t\t<\/div>\n\t\t<\/section>\n\t\t\t\t<section class=\"elementor-section elementor-top-section elementor-element elementor-element-0e3102c elementor-section-boxed elementor-section-height-default elementor-section-height-default\" data-id=\"0e3102c\" data-element_type=\"section\" data-e-type=\"section\">\n\t\t\t\t\t\t<div class=\"elementor-container elementor-column-gap-default\">\n\t\t\t\t\t<div class=\"elementor-column elementor-col-100 elementor-top-column elementor-element elementor-element-91a6beb\" data-id=\"91a6beb\" data-element_type=\"column\" data-e-type=\"column\">\n\t\t\t<div class=\"elementor-widget-wrap elementor-element-populated\">\n\t\t\t\t\t\t<div class=\"elementor-element elementor-element-734aadd elementor-widget elementor-widget-text-editor\" data-id=\"734aadd\" data-element_type=\"widget\" data-e-type=\"widget\" data-widget_type=\"text-editor.default\">\n\t\t\t\t<div class=\"elementor-widget-container\">\n\t\t\t\t\t\t\t\t\t<p><a href=\"https:\/\/erg-insaat.com.tr\/erg-ilgili-kisi-basvuru-formu.docx\">Contact Person Application Form<\/a><\/p>\t\t\t\t\t\t\t\t<\/div>\n\t\t\t\t<\/div>\n\t\t\t\t\t<\/div>\n\t\t<\/div>\n\t\t\t\t\t<\/div>\n\t\t<\/section>\n\t\t\t\t<\/div>\n\t\t","protected":false},"excerpt":{"rendered":"<p>Protection of Personal Data Personal Data Processing Information Notice ERG Group Companies (\u201cCompany\u201d\/\u201cCompanies\u201d) take the utmost care regarding the security of your personal data. With this awareness, all personal data processed by us as the Data Controller is processed and protected in accordance with the KVKK. With this sense of responsibility, in order to inform [&hellip;]<\/p>\n","protected":false},"author":1,"featured_media":0,"parent":0,"menu_order":0,"comment_status":"closed","ping_status":"closed","template":"page-hero-only.php","meta":{"footnotes":""},"class_list":["post-4853","page","type-page","status-publish","hentry"],"_links":{"self":[{"href":"https:\/\/erg-insaat.com.tr\/en\/wp-json\/wp\/v2\/pages\/4853","targetHints":{"allow":["GET"]}}],"collection":[{"href":"https:\/\/erg-insaat.com.tr\/en\/wp-json\/wp\/v2\/pages"}],"about":[{"href":"https:\/\/erg-insaat.com.tr\/en\/wp-json\/wp\/v2\/types\/page"}],"author":[{"embeddable":true,"href":"https:\/\/erg-insaat.com.tr\/en\/wp-json\/wp\/v2\/users\/1"}],"replies":[{"embeddable":true,"href":"https:\/\/erg-insaat.com.tr\/en\/wp-json\/wp\/v2\/comments?post=4853"}],"version-history":[{"count":2,"href":"https:\/\/erg-insaat.com.tr\/en\/wp-json\/wp\/v2\/pages\/4853\/revisions"}],"predecessor-version":[{"id":4855,"href":"https:\/\/erg-insaat.com.tr\/en\/wp-json\/wp\/v2\/pages\/4853\/revisions\/4855"}],"wp:attachment":[{"href":"https:\/\/erg-insaat.com.tr\/en\/wp-json\/wp\/v2\/media?parent=4853"}],"curies":[{"name":"wp","href":"https:\/\/api.w.org\/{rel}","templated":true}]}}