{"id":4955,"date":"2022-04-15T06:54:34","date_gmt":"2022-04-15T06:54:34","guid":{"rendered":"https:\/\/erg-insaat.com.tr\/kullanim-kosullari-ve-gizlilik-sozlesmesi\/"},"modified":"2026-02-27T11:22:06","modified_gmt":"2026-02-27T11:22:06","slug":"terms-of-use-and-privacy-policy","status":"publish","type":"page","link":"https:\/\/erg-insaat.com.tr\/en\/terms-of-use-and-privacy-policy\/","title":{"rendered":"Terms of Use and Privacy Policy"},"content":{"rendered":"\t\t<div data-elementor-type=\"wp-page\" data-elementor-id=\"4955\" class=\"elementor elementor-4955 elementor-3568\" data-elementor-post-type=\"page\">\n\t\t\t\t\t\t<section class=\"elementor-section elementor-top-section elementor-element elementor-element-1c7e7d63 elementor-section-height-min-height about elementor-section-stretched elementor-section-boxed elementor-section-height-default elementor-section-items-middle\" data-id=\"1c7e7d63\" data-element_type=\"section\" data-e-type=\"section\" data-settings=\"{&quot;background_background&quot;:&quot;classic&quot;,&quot;stretch_section&quot;:&quot;section-stretched&quot;}\">\n\t\t\t\t\t\t\t<div class=\"elementor-background-overlay\"><\/div>\n\t\t\t\t\t\t\t<div class=\"elementor-container elementor-column-gap-default\">\n\t\t\t\t\t<div class=\"elementor-column elementor-col-100 elementor-top-column elementor-element elementor-element-2ef33fc6\" data-id=\"2ef33fc6\" data-element_type=\"column\" data-e-type=\"column\">\n\t\t\t<div class=\"elementor-widget-wrap elementor-element-populated\">\n\t\t\t\t\t\t<div class=\"elementor-element elementor-element-6eed80d1 elementor-widget__width-initial elementor-widget-mobile__width-auto elementor-absolute elementor-widget elementor-widget-heading\" data-id=\"6eed80d1\" data-element_type=\"widget\" data-e-type=\"widget\" data-settings=\"{&quot;_position&quot;:&quot;absolute&quot;}\" data-widget_type=\"heading.default\">\n\t\t\t\t<div class=\"elementor-widget-container\">\n\t\t\t\t\t<h2 class=\"elementor-heading-title elementor-size-default\">Terms of Use and Privacy Policy<\/h2>\t\t\t\t<\/div>\n\t\t\t\t<\/div>\n\t\t\t\t\t<\/div>\n\t\t<\/div>\n\t\t\t\t\t<\/div>\n\t\t<\/section>\n\t\t\t\t<section class=\"elementor-section elementor-top-section elementor-element elementor-element-643417e elementor-section-boxed elementor-section-height-default elementor-section-height-default\" data-id=\"643417e\" data-element_type=\"section\" data-e-type=\"section\">\n\t\t\t\t\t\t<div class=\"elementor-container elementor-column-gap-default\">\n\t\t\t\t\t<div class=\"elementor-column elementor-col-100 elementor-top-column elementor-element elementor-element-b96eb76\" data-id=\"b96eb76\" data-element_type=\"column\" data-e-type=\"column\">\n\t\t\t<div class=\"elementor-widget-wrap elementor-element-populated\">\n\t\t\t\t\t\t<div class=\"elementor-element elementor-element-df9d3e0 elementor-widget elementor-widget-spacer\" data-id=\"df9d3e0\" data-element_type=\"widget\" data-e-type=\"widget\" data-widget_type=\"spacer.default\">\n\t\t\t\t<div class=\"elementor-widget-container\">\n\t\t\t\t\t\t\t<div class=\"elementor-spacer\">\n\t\t\t<div class=\"elementor-spacer-inner\"><\/div>\n\t\t<\/div>\n\t\t\t\t\t\t<\/div>\n\t\t\t\t<\/div>\n\t\t\t\t\t<\/div>\n\t\t<\/div>\n\t\t\t\t\t<\/div>\n\t\t<\/section>\n\t\t\t\t<section class=\"elementor-section elementor-top-section elementor-element elementor-element-3a0e91f elementor-section-boxed elementor-section-height-default elementor-section-height-default\" data-id=\"3a0e91f\" data-element_type=\"section\" data-e-type=\"section\">\n\t\t\t\t\t\t<div class=\"elementor-container elementor-column-gap-default\">\n\t\t\t\t\t<div class=\"elementor-column elementor-col-100 elementor-top-column elementor-element elementor-element-25aae3c\" data-id=\"25aae3c\" data-element_type=\"column\" data-e-type=\"column\">\n\t\t\t<div class=\"elementor-widget-wrap elementor-element-populated\">\n\t\t\t\t\t\t<div class=\"elementor-element elementor-element-0995ed3 elementor-widget elementor-widget-heading\" data-id=\"0995ed3\" data-element_type=\"widget\" data-e-type=\"widget\" data-widget_type=\"heading.default\">\n\t\t\t\t<div class=\"elementor-widget-container\">\n\t\t\t\t\t<h2 class=\"elementor-heading-title elementor-size-default\">Privacy Notice<\/h2>\t\t\t\t<\/div>\n\t\t\t\t<\/div>\n\t\t\t\t\t<\/div>\n\t\t<\/div>\n\t\t\t\t\t<\/div>\n\t\t<\/section>\n\t\t\t\t<section class=\"elementor-section elementor-top-section elementor-element elementor-element-51d029c elementor-section-boxed elementor-section-height-default elementor-section-height-default\" data-id=\"51d029c\" data-element_type=\"section\" data-e-type=\"section\">\n\t\t\t\t\t\t<div class=\"elementor-container elementor-column-gap-default\">\n\t\t\t\t\t<div class=\"elementor-column elementor-col-100 elementor-top-column elementor-element elementor-element-a37463a\" data-id=\"a37463a\" data-element_type=\"column\" data-e-type=\"column\">\n\t\t\t<div class=\"elementor-widget-wrap elementor-element-populated\">\n\t\t\t\t\t\t<div class=\"elementor-element elementor-element-f6cc1e0 elementor-widget elementor-widget-text-editor\" data-id=\"f6cc1e0\" data-element_type=\"widget\" data-e-type=\"widget\" data-widget_type=\"text-editor.default\">\n\t\t\t\t<div class=\"elementor-widget-container\">\n\t\t\t\t\t\t\t\t\t<p>ERG Construction Trade and Industry Inc. takes your personal privacy seriously. This Privacy Policy outlines the types of information provided by ERG Construction Trade and Industry Inc. on this website and how it is protected and stored.<\/p><p>ERG Construction Trade and Industry Inc. will not sell, rent, or otherwise use personal data (your name, email address, business and home address, telephone number, etc.) submitted through forms in the management license to third parties.<\/p><p>Purpose and Use of Information:<\/p><p>ERG Construction Trade and Industry Inc. uses the following information with your permission:<\/p><p>&#8211; To inform you via email, SMS, and fax,<br \/>&#8211; To determine our visitor profiles,<br \/>&#8211; To evaluate your requests, demands, and suggestions,<br \/>&#8211; To evaluate your applications for recruitment.<\/p><p>Personal information and data are used only for the specified units and during legal investigations with a court order or by following legal procedures. Personal information can only be accessed by authorized ERG \u0130n\u015faat Ticaret ve Sanayi Anonim \u015eirketi personnel and our representatives who have agreed to keep this information confidential. ERG \u0130n\u015faat Ticaret ve Sanayi Anonim \u015eirketi uses information that identifies individuals (browser type, service location, age, gender, etc.) to gain a better understanding of the structure and general operation of the web system. This information will not be disclosed to third parties. As an alternative to the one currently available, a small piece of information called a &#8216;cookie&#8217; will be stored so that your connection can be recognized while you navigate between pages.<\/p>\t\t\t\t\t\t\t\t<\/div>\n\t\t\t\t<\/div>\n\t\t\t\t\t<\/div>\n\t\t<\/div>\n\t\t\t\t\t<\/div>\n\t\t<\/section>\n\t\t\t\t<section class=\"elementor-section elementor-top-section elementor-element elementor-element-5e75d57 elementor-section-boxed elementor-section-height-default elementor-section-height-default\" data-id=\"5e75d57\" data-element_type=\"section\" data-e-type=\"section\">\n\t\t\t\t\t\t<div class=\"elementor-container elementor-column-gap-default\">\n\t\t\t\t\t<div class=\"elementor-column elementor-col-100 elementor-top-column elementor-element elementor-element-75e9bfe\" data-id=\"75e9bfe\" data-element_type=\"column\" data-e-type=\"column\">\n\t\t\t<div class=\"elementor-widget-wrap elementor-element-populated\">\n\t\t\t\t\t\t<div class=\"elementor-element elementor-element-1fade8a elementor-widget elementor-widget-heading\" data-id=\"1fade8a\" data-element_type=\"widget\" data-e-type=\"widget\" data-widget_type=\"heading.default\">\n\t\t\t\t<div class=\"elementor-widget-container\">\n\t\t\t\t\t<h2 class=\"elementor-heading-title elementor-size-default\">Terms of Use<\/h2>\t\t\t\t<\/div>\n\t\t\t\t<\/div>\n\t\t\t\t\t<\/div>\n\t\t<\/div>\n\t\t\t\t\t<\/div>\n\t\t<\/section>\n\t\t\t\t<section class=\"elementor-section elementor-top-section elementor-element elementor-element-d3ad6d1 elementor-section-boxed elementor-section-height-default elementor-section-height-default\" data-id=\"d3ad6d1\" data-element_type=\"section\" data-e-type=\"section\">\n\t\t\t\t\t\t<div class=\"elementor-container elementor-column-gap-default\">\n\t\t\t\t\t<div class=\"elementor-column elementor-col-100 elementor-top-column elementor-element elementor-element-f587cbc\" data-id=\"f587cbc\" data-element_type=\"column\" data-e-type=\"column\">\n\t\t\t<div class=\"elementor-widget-wrap elementor-element-populated\">\n\t\t\t\t\t\t<div class=\"elementor-element elementor-element-3dd3d63 elementor-widget elementor-widget-text-editor\" data-id=\"3dd3d63\" data-element_type=\"widget\" data-e-type=\"widget\" data-widget_type=\"text-editor.default\">\n\t\t\t\t<div class=\"elementor-widget-container\">\n\t\t\t\t\t\t\t\t\t<p>All content on this site, including but not limited to audio, text, images, logos, pictures, shapes, drawings, animations, clips, music and video recordings, software, program codes, and all information and documents, trademarks, and all related intellectual property and other rights, belongs to ERG \u0130n\u015faat Ticaret ve Sanayi Anonim \u015eirketi. The use, quotation, copying, rental, lending, modification, storage, uploading to another computer, posting, distribution, transfer, republication, display, adaptation, processing, representation, commercial possession, sale, or encouragement or facilitation of any of the aforementioned actions, in whole or in part, directly or indirectly, of any element within the scope of this site without the written permission of ERG \u0130n\u015faat Ticaret ve Sanayi Anonim \u015eirketi is prohibited. However, subject to the reservation of all rights announced on this site, users may download the content to their personal computers for non-profit and non-commercial purposes. No images, text, information, or documents contained on this site may be sold or distributed for any profit.<\/p><p>Links on the ERG Construction Trade and Industry Inc. website may take you outside the ERG Construction Trade and Industry Inc. network. ERG Construction Trade and Industry Inc. assumes no responsibility for the content, accuracy, or functionality of these sites. These links are provided in good faith. ERG Construction Trade and Industry Inc. cannot be held liable for any direct or indirect damages, losses, compensation, or penalties arising from any subsequent changes to the linked sites, access to or use of these sites.<\/p><p>All elements on this site are provided for informational purposes only. ERG Construction Trade and Industry Inc. does not guarantee or warrant the suitability, validity, completeness, or up-to-dateness of any audio, visual, written information, or documents contained on this site for any particular purpose. Furthermore, ERG \u0130n\u015faat Ticaret ve Sanayi Anonim \u015eirketi is absolutely not responsible for any damage to your computer hardware or other assets, or for any virus infection that may occur as a result of accessing, using, or downloading any audio, visual, written information or documents from this site.<\/p><p>Any information (including all comments, suggestions, ideas, graphics, etc.) that you transmit to ERG \u0130n\u015faat Ticaret ve Sanayi Anonim \u015eirketi via the internet will be transferred to ERG \u0130n\u015faat Ticaret ve Sanayi Anonim \u015eirketi with unlimited rights of use and all rights and powers under intellectual property law, without any payment to you or any other person. Furthermore, ERG \u0130n\u015faat Ticaret ve Sanayi Anonim \u015eirketi is not obligated to keep such information confidential.<\/p><p>ERG \u0130n\u015faat Ticaret ve Sanayi Anonim \u015eirketi is not responsible for information submitted by minors under the age of 18 to the ERG \u0130n\u015faat Ticaret ve Sanayi Anonim \u015eirketi website without the permission of their parents or guardians.<\/p><p>Any person(s) acting contrary to the provisions stated on this site will be liable to compensate ERG \u0130n\u015faat Ticaret ve Sanayi Anonim \u015eirketi for all damages incurred and to be incurred.<\/p>\t\t\t\t\t\t\t\t<\/div>\n\t\t\t\t<\/div>\n\t\t\t\t\t<\/div>\n\t\t<\/div>\n\t\t\t\t\t<\/div>\n\t\t<\/section>\n\t\t\t\t<section class=\"elementor-section elementor-top-section elementor-element elementor-element-2a61ee1 elementor-section-boxed elementor-section-height-default elementor-section-height-default\" data-id=\"2a61ee1\" data-element_type=\"section\" data-e-type=\"section\">\n\t\t\t\t\t\t<div class=\"elementor-container elementor-column-gap-default\">\n\t\t\t\t\t<div class=\"elementor-column elementor-col-100 elementor-top-column elementor-element elementor-element-fcfe539\" data-id=\"fcfe539\" data-element_type=\"column\" data-e-type=\"column\">\n\t\t\t<div class=\"elementor-widget-wrap elementor-element-populated\">\n\t\t\t\t\t\t<div class=\"elementor-element elementor-element-cda580c elementor-widget elementor-widget-heading\" data-id=\"cda580c\" data-element_type=\"widget\" data-e-type=\"widget\" data-widget_type=\"heading.default\">\n\t\t\t\t<div class=\"elementor-widget-container\">\n\t\t\t\t\t<h2 class=\"elementor-heading-title elementor-size-default\">Changes to our Privacy Policy<\/h2>\t\t\t\t<\/div>\n\t\t\t\t<\/div>\n\t\t\t\t\t<\/div>\n\t\t<\/div>\n\t\t\t\t\t<\/div>\n\t\t<\/section>\n\t\t\t\t<section class=\"elementor-section elementor-top-section elementor-element elementor-element-f50b7e0 elementor-section-boxed elementor-section-height-default elementor-section-height-default\" data-id=\"f50b7e0\" data-element_type=\"section\" data-e-type=\"section\">\n\t\t\t\t\t\t<div class=\"elementor-container elementor-column-gap-default\">\n\t\t\t\t\t<div class=\"elementor-column elementor-col-100 elementor-top-column elementor-element elementor-element-f03dc1a\" data-id=\"f03dc1a\" data-element_type=\"column\" data-e-type=\"column\">\n\t\t\t<div class=\"elementor-widget-wrap elementor-element-populated\">\n\t\t\t\t\t\t<div class=\"elementor-element elementor-element-95a1cb2 elementor-widget elementor-widget-text-editor\" data-id=\"95a1cb2\" data-element_type=\"widget\" data-e-type=\"widget\" data-widget_type=\"text-editor.default\">\n\t\t\t\t<div class=\"elementor-widget-container\">\n\t\t\t\t\t\t\t\t\t<p>ERG Construction Trade and Industry Inc. reserves the right to change or cancel this Privacy Policy.<\/p>\t\t\t\t\t\t\t\t<\/div>\n\t\t\t\t<\/div>\n\t\t\t\t\t<\/div>\n\t\t<\/div>\n\t\t\t\t\t<\/div>\n\t\t<\/section>\n\t\t\t\t<section class=\"elementor-section elementor-top-section elementor-element elementor-element-4e0a4ee elementor-section-boxed elementor-section-height-default elementor-section-height-default\" data-id=\"4e0a4ee\" data-element_type=\"section\" data-e-type=\"section\">\n\t\t\t\t\t\t<div class=\"elementor-container elementor-column-gap-default\">\n\t\t\t\t\t<div class=\"elementor-column elementor-col-100 elementor-top-column elementor-element elementor-element-057a773\" data-id=\"057a773\" data-element_type=\"column\" data-e-type=\"column\">\n\t\t\t<div class=\"elementor-widget-wrap elementor-element-populated\">\n\t\t\t\t\t\t<div class=\"elementor-element elementor-element-2f283f3 elementor-widget elementor-widget-heading\" data-id=\"2f283f3\" data-element_type=\"widget\" data-e-type=\"widget\" data-widget_type=\"heading.default\">\n\t\t\t\t<div class=\"elementor-widget-container\">\n\t\t\t\t\t<h2 class=\"elementor-heading-title elementor-size-default\">Contact us<\/h2>\t\t\t\t<\/div>\n\t\t\t\t<\/div>\n\t\t\t\t\t<\/div>\n\t\t<\/div>\n\t\t\t\t\t<\/div>\n\t\t<\/section>\n\t\t\t\t<section class=\"elementor-section elementor-top-section elementor-element elementor-element-270cd3e elementor-section-boxed elementor-section-height-default elementor-section-height-default\" data-id=\"270cd3e\" data-element_type=\"section\" data-e-type=\"section\">\n\t\t\t\t\t\t<div class=\"elementor-container elementor-column-gap-default\">\n\t\t\t\t\t<div class=\"elementor-column elementor-col-100 elementor-top-column elementor-element elementor-element-6173b44\" data-id=\"6173b44\" data-element_type=\"column\" data-e-type=\"column\">\n\t\t\t<div class=\"elementor-widget-wrap elementor-element-populated\">\n\t\t\t\t\t\t<div class=\"elementor-element elementor-element-c7d1810 elementor-widget elementor-widget-text-editor\" data-id=\"c7d1810\" data-element_type=\"widget\" data-e-type=\"widget\" data-widget_type=\"text-editor.default\">\n\t\t\t\t<div class=\"elementor-widget-container\">\n\t\t\t\t\t\t\t\t\t<p>If you wish to provide feedback, ask questions, or report a breach of this Privacy Policy, you can use the Contact Us link. ERG Construction Trade and Industry Inc. will take the necessary steps to address these requests.<\/p><p>Every visitor to the ERG Construction Trade and Industry Inc. website is deemed to have read and accepted all these terms.<\/p>\t\t\t\t\t\t\t\t<\/div>\n\t\t\t\t<\/div>\n\t\t\t\t\t<\/div>\n\t\t<\/div>\n\t\t\t\t\t<\/div>\n\t\t<\/section>\n\t\t\t\t<\/div>\n\t\t","protected":false},"excerpt":{"rendered":"<p>Terms of Use and Privacy Policy Privacy Notice ERG Construction Trade and Industry Inc. takes your personal privacy seriously. This Privacy Policy outlines the types of information provided by ERG Construction Trade and Industry Inc. on this website and how it is protected and stored. ERG Construction Trade and Industry Inc. will not sell, rent, [&hellip;]<\/p>\n","protected":false},"author":1,"featured_media":0,"parent":0,"menu_order":0,"comment_status":"closed","ping_status":"closed","template":"page-hero-only.php","meta":{"footnotes":""},"class_list":["post-4955","page","type-page","status-publish","hentry"],"_links":{"self":[{"href":"https:\/\/erg-insaat.com.tr\/en\/wp-json\/wp\/v2\/pages\/4955","targetHints":{"allow":["GET"]}}],"collection":[{"href":"https:\/\/erg-insaat.com.tr\/en\/wp-json\/wp\/v2\/pages"}],"about":[{"href":"https:\/\/erg-insaat.com.tr\/en\/wp-json\/wp\/v2\/types\/page"}],"author":[{"embeddable":true,"href":"https:\/\/erg-insaat.com.tr\/en\/wp-json\/wp\/v2\/users\/1"}],"replies":[{"embeddable":true,"href":"https:\/\/erg-insaat.com.tr\/en\/wp-json\/wp\/v2\/comments?post=4955"}],"version-history":[{"count":5,"href":"https:\/\/erg-insaat.com.tr\/en\/wp-json\/wp\/v2\/pages\/4955\/revisions"}],"predecessor-version":[{"id":4961,"href":"https:\/\/erg-insaat.com.tr\/en\/wp-json\/wp\/v2\/pages\/4955\/revisions\/4961"}],"wp:attachment":[{"href":"https:\/\/erg-insaat.com.tr\/en\/wp-json\/wp\/v2\/media?parent=4955"}],"curies":[{"name":"wp","href":"https:\/\/api.w.org\/{rel}","templated":true}]}}